{"id":3243,"date":"2020-09-08T19:15:08","date_gmt":"2020-09-08T22:15:08","guid":{"rendered":"https:\/\/casavergara.cl\/wp\/?post_type=product&#038;p=3243"},"modified":"2020-09-29T19:05:37","modified_gmt":"2020-09-29T22:05:37","slug":"cabernet-sauvignon-premium-2017","status":"publish","type":"product","link":"https:\/\/casavergara.cl\/en\/product\/cabernet-sauvignon-premium-2017\/","title":{"rendered":"Cabernet Sauvignon Premium 2017"},"content":{"rendered":"","protected":false},"excerpt":{"rendered":"<p>Este vino corresponde a la peque\u00f1a producci\u00f3n de la cosecha que se obtuvo tras los incendios de 2017, que devastaron los reconocidos vi\u00f1edos de Cauquenes. Criado durante dos a\u00f1os en barrica francesa, ha dado lugar a un vino sabroso, complejo y elegante, donde predominan los aromas y sabores a frutos rojos maduros.<\/p>\n<p>Para recordarlo como un triunfador frente la adversidad, una etiqueta de color azul lo\u00a0 distingue de las que caracterizan a nuestras\u00a0 tradicionales l\u00edneas de producci\u00f3n.<\/p>\n<p>Nuestro cuidado por el medio ambiente nos ha llevado a eliminar la c\u00e1psula de la botella, elemento meramente est\u00e9tico que no aporta calidad al vino.<\/p>\n<p>Vino no filtrado para mantener las condiciones naturales. Con el tiempo, dejar\u00e1 dep\u00f3sitos que es normal en vinos de calidad.<\/p>\n","protected":false},"featured_media":3244,"template":"","meta":[],"_links":{"self":[{"href":"https:\/\/casavergara.cl\/en\/wp-json\/wp\/v2\/product\/3243"}],"collection":[{"href":"https:\/\/casavergara.cl\/en\/wp-json\/wp\/v2\/product"}],"about":[{"href":"https:\/\/casavergara.cl\/en\/wp-json\/wp\/v2\/types\/product"}],"version-history":[{"count":4,"href":"https:\/\/casavergara.cl\/en\/wp-json\/wp\/v2\/product\/3243\/revisions"}],"predecessor-version":[{"id":3627,"href":"https:\/\/casavergara.cl\/en\/wp-json\/wp\/v2\/product\/3243\/revisions\/3627"}],"wp:featuredmedia":[{"embeddable":true,"href":"https:\/\/casavergara.cl\/en\/wp-json\/wp\/v2\/media\/3244"}],"wp:attachment":[{"href":"https:\/\/casavergara.cl\/en\/wp-json\/wp\/v2\/media?parent=3243"}],"curies":[{"name":"wp","href":"https:\/\/api.w.org\/{rel}","templated":true}]}}