{"id":3247,"date":"2020-09-08T19:18:54","date_gmt":"2020-09-08T22:18:54","guid":{"rendered":"https:\/\/casavergara.cl\/wp\/?post_type=product&#038;p=3247"},"modified":"2020-09-29T19:05:03","modified_gmt":"2020-09-29T22:05:03","slug":"cabernet-saivignon-premium-2013","status":"publish","type":"product","link":"https:\/\/casavergara.cl\/en\/product\/cabernet-saivignon-premium-2013\/","title":{"rendered":"Cabernet saivignon Premium 2013"},"content":{"rendered":"","protected":false},"excerpt":{"rendered":"<p>Este gran vino fue producido con uvas seleccionadas de la Vi\u00f1a Casa Vergara. De profundo color rojo rub\u00ed. Su elegante fruta madura unida en perfecta armon\u00eda a su crianza de roble franc\u00e9s,\u00a0 genera un vino complejo de taninos maduros y elegantes lo que se aprecia en su agradable permanencia. Sin duda se est\u00e1 frente a un gran vino.<\/p>\n<p>Orgullo y tradici\u00f3n de familia<\/p>\n","protected":false},"featured_media":3248,"template":"","meta":[],"_links":{"self":[{"href":"https:\/\/casavergara.cl\/en\/wp-json\/wp\/v2\/product\/3247"}],"collection":[{"href":"https:\/\/casavergara.cl\/en\/wp-json\/wp\/v2\/product"}],"about":[{"href":"https:\/\/casavergara.cl\/en\/wp-json\/wp\/v2\/types\/product"}],"version-history":[{"count":2,"href":"https:\/\/casavergara.cl\/en\/wp-json\/wp\/v2\/product\/3247\/revisions"}],"predecessor-version":[{"id":3626,"href":"https:\/\/casavergara.cl\/en\/wp-json\/wp\/v2\/product\/3247\/revisions\/3626"}],"wp:featuredmedia":[{"embeddable":true,"href":"https:\/\/casavergara.cl\/en\/wp-json\/wp\/v2\/media\/3248"}],"wp:attachment":[{"href":"https:\/\/casavergara.cl\/en\/wp-json\/wp\/v2\/media?parent=3247"}],"curies":[{"name":"wp","href":"https:\/\/api.w.org\/{rel}","templated":true}]}}