{"id":3251,"date":"2020-09-08T19:22:42","date_gmt":"2020-09-08T22:22:42","guid":{"rendered":"https:\/\/casavergara.cl\/wp\/?post_type=product&#038;p=3251"},"modified":"2020-09-29T19:04:34","modified_gmt":"2020-09-29T22:04:34","slug":"cabernet-sauvignon-premium-2011","status":"publish","type":"product","link":"https:\/\/casavergara.cl\/en\/product\/cabernet-sauvignon-premium-2011\/","title":{"rendered":"Cabernet Sauvignon Premium 2011"},"content":{"rendered":"","protected":false},"excerpt":{"rendered":"<p>Vi\u00f1a Casa Vergara se enorgullece presentar este vino Premium, donde se manifiesta el m\u00e1ximo potencial que se puede obtener en el terroir del \u00e1rea de Cauquenes, Valle del Maule.<\/p>\n<p>Este vino es la expresi\u00f3n perfecta del equilibrio en la producci\u00f3n de uvas, elaboraci\u00f3n de vinos y crianza en barrica.<\/p>\n<p>Orgullo y tradici\u00f3n de familia.<\/p>\n","protected":false},"featured_media":3252,"template":"","meta":[],"_links":{"self":[{"href":"https:\/\/casavergara.cl\/en\/wp-json\/wp\/v2\/product\/3251"}],"collection":[{"href":"https:\/\/casavergara.cl\/en\/wp-json\/wp\/v2\/product"}],"about":[{"href":"https:\/\/casavergara.cl\/en\/wp-json\/wp\/v2\/types\/product"}],"version-history":[{"count":2,"href":"https:\/\/casavergara.cl\/en\/wp-json\/wp\/v2\/product\/3251\/revisions"}],"predecessor-version":[{"id":3625,"href":"https:\/\/casavergara.cl\/en\/wp-json\/wp\/v2\/product\/3251\/revisions\/3625"}],"wp:featuredmedia":[{"embeddable":true,"href":"https:\/\/casavergara.cl\/en\/wp-json\/wp\/v2\/media\/3252"}],"wp:attachment":[{"href":"https:\/\/casavergara.cl\/en\/wp-json\/wp\/v2\/media?parent=3251"}],"curies":[{"name":"wp","href":"https:\/\/api.w.org\/{rel}","templated":true}]}}