{"id":3254,"date":"2020-09-08T19:25:16","date_gmt":"2020-09-08T22:25:16","guid":{"rendered":"https:\/\/casavergara.cl\/wp\/?post_type=product&#038;p=3254"},"modified":"2020-09-29T19:04:01","modified_gmt":"2020-09-29T22:04:01","slug":"blend-premium-2017","status":"publish","type":"product","link":"https:\/\/casavergara.cl\/en\/product\/blend-premium-2017\/","title":{"rendered":"Blend Premium 2017"},"content":{"rendered":"","protected":false},"excerpt":{"rendered":"<p>Este vino corresponde a la peque\u00f1a producci\u00f3n de la cosecha que se obtuvo tras los incendios de 2017, que devastaron los reconocidos vi\u00f1edos de Cauquenes. Criado durante dos a\u00f1os en barrica nueva francesa. Tiene una base de Cabernet Sauvignon m\u00e1s carmenere y Merlot. Es un vino complejo, sabroso, y elegante. Sus aromas y sabores hacen recordar a frutos rojos maduros, como ciruelas y maqui. chocolate amargo y especias dulces.<\/p>\n<p>Para recordarlo como un triunfador frente la adversidad, una etiqueta de color azul lo\u00a0 distingue de las que caracterizan a nuestras\u00a0 tradicionales l\u00edneas de producci\u00f3n.<\/p>\n<p>Nuestro cuidado por el medio ambiente nos ha llevado a eliminar la c\u00e1psula de la botella, elemento meramente est\u00e9tico que no aporta calidad al vino.<\/p>\n<p>Vino no filtrado para mantener las condiciones naturales. Con el tiempo, dejar\u00e1 dep\u00f3sitos que es normal en vinos de calidad.<\/p>\n","protected":false},"featured_media":3255,"template":"","meta":[],"_links":{"self":[{"href":"https:\/\/casavergara.cl\/en\/wp-json\/wp\/v2\/product\/3254"}],"collection":[{"href":"https:\/\/casavergara.cl\/en\/wp-json\/wp\/v2\/product"}],"about":[{"href":"https:\/\/casavergara.cl\/en\/wp-json\/wp\/v2\/types\/product"}],"version-history":[{"count":3,"href":"https:\/\/casavergara.cl\/en\/wp-json\/wp\/v2\/product\/3254\/revisions"}],"predecessor-version":[{"id":3624,"href":"https:\/\/casavergara.cl\/en\/wp-json\/wp\/v2\/product\/3254\/revisions\/3624"}],"wp:featuredmedia":[{"embeddable":true,"href":"https:\/\/casavergara.cl\/en\/wp-json\/wp\/v2\/media\/3255"}],"wp:attachment":[{"href":"https:\/\/casavergara.cl\/en\/wp-json\/wp\/v2\/media?parent=3254"}],"curies":[{"name":"wp","href":"https:\/\/api.w.org\/{rel}","templated":true}]}}