{"id":3261,"date":"2020-09-08T19:32:22","date_gmt":"2020-09-08T22:32:22","guid":{"rendered":"https:\/\/casavergara.cl\/wp\/?post_type=product&#038;p=3261"},"modified":"2020-09-29T19:03:14","modified_gmt":"2020-09-29T22:03:14","slug":"cabernet-sauvignon-reserve-2013","status":"publish","type":"product","link":"https:\/\/casavergara.cl\/en\/product\/cabernet-sauvignon-reserve-2013\/","title":{"rendered":"Cabernet Sauvignon Reserve 2013"},"content":{"rendered":"","protected":false},"excerpt":{"rendered":"<p>Este elegante vino fue producido con uvas seleccionadas de la Vi\u00f1a Casa Vergara, de profundo color rojo rub\u00ed, con aromas a frutos negros muy maduros y finas notas a vainilla producto de su crianza en barricas de roble franc\u00e9s. Un vino reserva envolvente en boca, con taninos maduros y gran car\u00e1cter.<\/p>\n<p>Vino no filtrado para conservar las caracter\u00edsticas naturales. Dejar\u00e1 dep\u00f3sitos.<\/p>\n<p>Orgullo y tradici\u00f3n de familia.<\/p>\n","protected":false},"featured_media":3262,"template":"","meta":[],"_links":{"self":[{"href":"https:\/\/casavergara.cl\/en\/wp-json\/wp\/v2\/product\/3261"}],"collection":[{"href":"https:\/\/casavergara.cl\/en\/wp-json\/wp\/v2\/product"}],"about":[{"href":"https:\/\/casavergara.cl\/en\/wp-json\/wp\/v2\/types\/product"}],"version-history":[{"count":2,"href":"https:\/\/casavergara.cl\/en\/wp-json\/wp\/v2\/product\/3261\/revisions"}],"predecessor-version":[{"id":3622,"href":"https:\/\/casavergara.cl\/en\/wp-json\/wp\/v2\/product\/3261\/revisions\/3622"}],"wp:featuredmedia":[{"embeddable":true,"href":"https:\/\/casavergara.cl\/en\/wp-json\/wp\/v2\/media\/3262"}],"wp:attachment":[{"href":"https:\/\/casavergara.cl\/en\/wp-json\/wp\/v2\/media?parent=3261"}],"curies":[{"name":"wp","href":"https:\/\/api.w.org\/{rel}","templated":true}]}}