{"id":3264,"date":"2020-09-08T19:33:44","date_gmt":"2020-09-08T22:33:44","guid":{"rendered":"https:\/\/casavergara.cl\/wp\/?post_type=product&#038;p=3264"},"modified":"2020-09-29T19:02:55","modified_gmt":"2020-09-29T22:02:55","slug":"cabernet-sauvignon-reserve-2016","status":"publish","type":"product","link":"https:\/\/casavergara.cl\/en\/product\/cabernet-sauvignon-reserve-2016\/","title":{"rendered":"Cabernet Sauvignon Reserve 2016"},"content":{"rendered":"","protected":false},"excerpt":{"rendered":"<p>Este elegante vino reserva fue producido con uvas seleccionadas de la Vi\u00f1a Casa Vergara, de profundo color rojo rub\u00ed, con aromas a frutos negros muy maduros y finas notas a vainilla y tostado producto de su crianza en barricas de roble franc\u00e9s. Un vino reserva elegante, f\u00e1cil de tomar, con taninos maduros y gran car\u00e1cter.<\/p>\n<p>Vino no filtrado para conservar las caracter\u00edsticas naturales. Con el tiempo dejar\u00e1 dep\u00f3sitos.<\/p>\n<p>Vi\u00f1a Casa Vergara contribuyendo al medio ambiente.<\/p>\n<p>Hemos eliminando la capsula en la botella, accesorio de imagen que no agrega valor a la calidad del vino.<\/p>\n","protected":false},"featured_media":3265,"template":"","meta":[],"_links":{"self":[{"href":"https:\/\/casavergara.cl\/en\/wp-json\/wp\/v2\/product\/3264"}],"collection":[{"href":"https:\/\/casavergara.cl\/en\/wp-json\/wp\/v2\/product"}],"about":[{"href":"https:\/\/casavergara.cl\/en\/wp-json\/wp\/v2\/types\/product"}],"version-history":[{"count":2,"href":"https:\/\/casavergara.cl\/en\/wp-json\/wp\/v2\/product\/3264\/revisions"}],"predecessor-version":[{"id":3621,"href":"https:\/\/casavergara.cl\/en\/wp-json\/wp\/v2\/product\/3264\/revisions\/3621"}],"wp:featuredmedia":[{"embeddable":true,"href":"https:\/\/casavergara.cl\/en\/wp-json\/wp\/v2\/media\/3265"}],"wp:attachment":[{"href":"https:\/\/casavergara.cl\/en\/wp-json\/wp\/v2\/media?parent=3264"}],"curies":[{"name":"wp","href":"https:\/\/api.w.org\/{rel}","templated":true}]}}