{"id":3267,"date":"2020-09-08T19:34:40","date_gmt":"2020-09-08T22:34:40","guid":{"rendered":"https:\/\/casavergara.cl\/wp\/?post_type=product&#038;p=3267"},"modified":"2020-09-29T20:00:17","modified_gmt":"2020-09-29T23:00:17","slug":"cabernet-sauvignon-reserve-2019-caja","status":"publish","type":"product","link":"https:\/\/casavergara.cl\/en\/product\/cabernet-sauvignon-reserve-2019-caja\/","title":{"rendered":"Cabernet Sauvignon Reserve 2019"},"content":{"rendered":"","protected":false},"excerpt":{"rendered":"<p>Vino producido con uvas propias de la Vi\u00f1a Casa Vergara. Con una base principal de Cabernet Sauvignon en un 85% y un 15% de Carmenere, lo que lo hace m\u00e1s complejo en aromas y sabores. Es un vino muy vivo y sabroso, de color oscuro profundo, suave pero con cuerpo.<\/p>\n<p>Destacan sus aromas a ciruela negra, especias dulces y un suave tostado de la crianza en barrica.<\/p>\n<p>Vino NO FILTRADO para mantener sus caracter\u00edsticas naturales. Con el tiempo dejar\u00e1 dep\u00f3sitos.<\/p>\n<p>Casa Vergara comprometido con el medio ambiente, ha eliminado la capsula que no aporta a la calidad del vino<\/p>\n","protected":false},"featured_media":3268,"template":"","meta":[],"_links":{"self":[{"href":"https:\/\/casavergara.cl\/en\/wp-json\/wp\/v2\/product\/3267"}],"collection":[{"href":"https:\/\/casavergara.cl\/en\/wp-json\/wp\/v2\/product"}],"about":[{"href":"https:\/\/casavergara.cl\/en\/wp-json\/wp\/v2\/types\/product"}],"version-history":[{"count":2,"href":"https:\/\/casavergara.cl\/en\/wp-json\/wp\/v2\/product\/3267\/revisions"}],"predecessor-version":[{"id":3620,"href":"https:\/\/casavergara.cl\/en\/wp-json\/wp\/v2\/product\/3267\/revisions\/3620"}],"wp:featuredmedia":[{"embeddable":true,"href":"https:\/\/casavergara.cl\/en\/wp-json\/wp\/v2\/media\/3268"}],"wp:attachment":[{"href":"https:\/\/casavergara.cl\/en\/wp-json\/wp\/v2\/media?parent=3267"}],"curies":[{"name":"wp","href":"https:\/\/api.w.org\/{rel}","templated":true}]}}