{"id":3270,"date":"2020-09-08T19:36:07","date_gmt":"2020-09-08T22:36:07","guid":{"rendered":"https:\/\/casavergara.cl\/wp\/?post_type=product&#038;p=3270"},"modified":"2020-09-29T20:08:52","modified_gmt":"2020-09-29T23:08:52","slug":"casa-vergara-asoleado-pais-375-ml","status":"publish","type":"product","link":"https:\/\/casavergara.cl\/en\/product\/casa-vergara-asoleado-pais-375-ml\/","title":{"rendered":"Casa Vergara Asoleado Pa\u00eds. 375 ML"},"content":{"rendered":"","protected":false},"excerpt":{"rendered":"<p>Este vino dulce, Obtenido de parras centenarias de cepa pa\u00eds de la Vi\u00f1a Casa Vergara del \u00e1rea de Cauquenes Maule, que atesoran la historia del vino chileno.<\/p>\n<p>Este gran vino dulce natural fue logrado asemejando lo que se hace en Espa\u00f1a con las cepas Monastrell o Garnacha, que tienen la capacidad, al igual que el vino Pais\/Misi\u00f3n, de generar un alto grado alcoh\u00f3lico cuando sus\u00a0 uvas sufren una sobre maduraci\u00f3n en la planta y en condiciones especiales del clima y suelo. Lo que para el viejo continente eran los caldos m\u00e1s apreciados en las antiguas culturas mediterr\u00e1neas, repletos de ritos e historia, en Chile a\u00fan son novedosos y diferentes.<\/p>\n<p>Este vino se ha mantenido envejeciendo en barricas usadas por 15 a\u00f1os.<\/p>\n","protected":false},"featured_media":3272,"template":"","meta":[],"_links":{"self":[{"href":"https:\/\/casavergara.cl\/en\/wp-json\/wp\/v2\/product\/3270"}],"collection":[{"href":"https:\/\/casavergara.cl\/en\/wp-json\/wp\/v2\/product"}],"about":[{"href":"https:\/\/casavergara.cl\/en\/wp-json\/wp\/v2\/types\/product"}],"version-history":[{"count":3,"href":"https:\/\/casavergara.cl\/en\/wp-json\/wp\/v2\/product\/3270\/revisions"}],"predecessor-version":[{"id":3619,"href":"https:\/\/casavergara.cl\/en\/wp-json\/wp\/v2\/product\/3270\/revisions\/3619"}],"wp:featuredmedia":[{"embeddable":true,"href":"https:\/\/casavergara.cl\/en\/wp-json\/wp\/v2\/media\/3272"}],"wp:attachment":[{"href":"https:\/\/casavergara.cl\/en\/wp-json\/wp\/v2\/media?parent=3270"}],"curies":[{"name":"wp","href":"https:\/\/api.w.org\/{rel}","templated":true}]}}